{"id":432,"date":"2021-11-02T10:45:16","date_gmt":"2021-11-02T14:45:16","guid":{"rendered":"https:\/\/www.groupeda.com\/?page_id=432"},"modified":"2021-11-02T10:50:08","modified_gmt":"2021-11-02T14:50:08","slug":"maritime-security","status":"publish","type":"page","link":"https:\/\/www.groupeda.com\/en\/maritime-security\/","title":{"rendered":"Maritime Security"},"content":{"rendered":"<p>[et_pb_section fb_built=&#8221;1&#8243; admin_label=&#8221;Features&#8221; _builder_version=&#8221;3.22&#8243; custom_padding=&#8221;0|0px|0px|0px|false|false&#8221; global_colors_info=&#8221;{}&#8221;][et_pb_row column_structure=&#8221;1_2,1_2&#8243; use_custom_gutter=&#8221;on&#8221; custom_padding_last_edited=&#8221;on|tablet&#8221; padding_top_bottom_link_2=&#8221;true&#8221; padding_left_right_link_2=&#8221;false&#8221; _builder_version=&#8221;4.10.5&#8243; width=&#8221;100%&#8221; max_width=&#8221;100%&#8221; module_alignment=&#8221;left&#8221; custom_margin=&#8221;||0px||false|false&#8221; custom_padding=&#8221;0|12%|0px|0px|false|false&#8221; custom_padding_tablet=&#8221;|0%||&#8221; custom_padding_phone=&#8221;&#8221; use_custom_width=&#8221;on&#8221; width_unit=&#8221;off&#8221; custom_width_percent=&#8221;100%&#8221; locked=&#8221;off&#8221; global_colors_info=&#8221;{}&#8221;][et_pb_column type=&#8221;1_2&#8243; _builder_version=&#8221;3.25&#8243; custom_padding=&#8221;|||&#8221; global_colors_info=&#8221;{}&#8221; custom_padding__hover=&#8221;|||&#8221;][et_pb_image src=&#8221;https:\/\/www.groupeda.com\/wp-content\/uploads\/2021\/09\/Securite-Maritime-Groupe-DA.jpg&#8221; title_text=&#8221;Securite-Maritime-Groupe-DA&#8221; force_fullwidth=&#8221;on&#8221; align_tablet=&#8221;center&#8221; align_phone=&#8221;&#8221; align_last_edited=&#8221;on|desktop&#8221; _builder_version=&#8221;4.10.5&#8243; use_background_color_gradient=&#8221;on&#8221; background_color_gradient_start=&#8221;#f0f2f6&#8243; background_color_gradient_end=&#8221;rgba(240,242,246,0)&#8221; background_color_gradient_direction=&#8221;90deg&#8221; background_color_gradient_start_position=&#8221;80%&#8221; background_color_gradient_end_position=&#8221;20%&#8221; custom_padding=&#8221;||20%|&#8221; custom_padding_tablet=&#8221;||60px|&#8221; custom_padding_phone=&#8221;&#8221; custom_padding_last_edited=&#8221;on|desktop&#8221; animation_style=&#8221;slide&#8221; animation_direction=&#8221;left&#8221; animation_intensity_slide=&#8221;1%&#8221; box_shadow_style=&#8221;preset3&#8243; box_shadow_vertical=&#8221;80px&#8221; box_shadow_blur=&#8221;80px&#8221; box_shadow_spread=&#8221;-30px&#8221; global_colors_info=&#8221;{}&#8221;][\/et_pb_image][\/et_pb_column][et_pb_column type=&#8221;1_2&#8243; _builder_version=&#8221;3.25&#8243; custom_padding=&#8221;6vw||6vw|&#8221; custom_padding_tablet=&#8221;|10%||10%|false|true&#8221; custom_padding_phone=&#8221;||||false|false&#8221; custom_padding_last_edited=&#8221;on|tablet&#8221; global_colors_info=&#8221;{}&#8221; padding_phone=&#8221;||||false|false&#8221; padding_tablet=&#8221;|10%||10%|false|true&#8221; padding_last_edited=&#8221;on|tablet&#8221; custom_padding__hover=&#8221;|||&#8221;][et_pb_text _builder_version=&#8221;4.10.5&#8243; text_font=&#8221;||||||||&#8221; text_font_size=&#8221;16px&#8221; text_line_height=&#8221;1.9em&#8221; header_font=&#8221;||||||||&#8221; header_2_font=&#8221;Playfair Display|700|||||||&#8221; header_2_font_size=&#8221;27px&#8221; header_2_line_height=&#8221;1.5em&#8221; header_6_font=&#8221;||||||||&#8221; max_width=&#8221;600px&#8221; max_width_last_edited=&#8221;off|desktop&#8221; custom_margin=&#8221;|||&#8221; custom_padding=&#8221;|||&#8221; hover_enabled=&#8221;0&#8243; header_2_font_size_tablet=&#8221;30px&#8221; header_2_font_size_phone=&#8221;24px&#8221; header_2_font_size_last_edited=&#8221;on|phone&#8221; locked=&#8221;off&#8221; global_colors_info=&#8221;{}&#8221; sticky_enabled=&#8221;0&#8243;]<\/p>\n<h2>We have developed specific expertise to counter the risk of piracy and terrorism. We monitor and protect:<\/h2>\n<ul>\n<li><span>Platform<\/span><\/li>\n<li><span>Ship<\/span><\/li>\n<li><span>Cargo<\/span><\/li>\n<li><span>Operating personnel<\/span><\/li>\n<li><span>Crew<\/span><\/li>\n<li><span>Port terminal<\/span><\/li>\n<\/ul>\n<p><span>To do this, we assess the threats and risks to your offshore facilities and vessels. We design security-deterrence plans and implement human and material measures to protect them.<\/p>\n<p>We use state-of-the-art equipment and employ personnel with a long track record in marine safety.<\/span><\/p>\n<p>[\/et_pb_text][et_pb_cta title=&#8221;Frequently asked questions&#8221; button_url=&#8221;#top&#8221; admin_label=&#8221;Title &#038; CTA&#8221; _builder_version=&#8221;4.10.5&#8243; header_font=&#8221;Playfair Display|700|||||||&#8221; header_font_size=&#8221;40px&#8221; header_line_height=&#8221;1.5em&#8221; body_font=&#8221;Lato||||||||&#8221; body_font_size=&#8221;16px&#8221; body_line_height=&#8221;1.8em&#8221; use_background_color=&#8221;off&#8221; custom_button=&#8221;on&#8221; button_text_size=&#8221;16px&#8221; button_text_color=&#8221;#ffffff&#8221; button_bg_color=&#8221;#3550a0&#8243; button_border_width=&#8221;10px&#8221; button_border_color=&#8221;rgba(210,159,104,0)&#8221; button_border_radius=&#8221;100px&#8221; button_font=&#8221;Lato|900|||||||&#8221; button_use_icon=&#8221;off&#8221; text_orientation=&#8221;left&#8221; background_layout=&#8221;light&#8221; max_width_last_edited=&#8221;off|desktop&#8221; module_alignment=&#8221;right&#8221; custom_margin=&#8221;|||&#8221; custom_padding=&#8221;|||&#8221; hover_enabled=&#8221;0&#8243; header_font_size_tablet=&#8221;30px&#8221; header_font_size_phone=&#8221;24px&#8221; header_font_size_last_edited=&#8221;on|phone&#8221; button_bg_color_hover=&#8221;#4159a0&#8243; global_colors_info=&#8221;{}&#8221; button_text_size__hover_enabled=&#8221;off&#8221; button_one_text_size__hover_enabled=&#8221;off&#8221; button_two_text_size__hover_enabled=&#8221;off&#8221; button_text_color__hover_enabled=&#8221;off&#8221; button_one_text_color__hover_enabled=&#8221;off&#8221; button_two_text_color__hover_enabled=&#8221;off&#8221; button_border_width__hover_enabled=&#8221;off&#8221; button_one_border_width__hover_enabled=&#8221;off&#8221; button_two_border_width__hover_enabled=&#8221;off&#8221; button_border_color__hover_enabled=&#8221;off&#8221; button_one_border_color__hover_enabled=&#8221;off&#8221; button_two_border_color__hover_enabled=&#8221;off&#8221; button_border_radius__hover_enabled=&#8221;off&#8221; button_one_border_radius__hover_enabled=&#8221;off&#8221; button_two_border_radius__hover_enabled=&#8221;off&#8221; button_letter_spacing__hover_enabled=&#8221;off&#8221; button_one_letter_spacing__hover_enabled=&#8221;off&#8221; button_two_letter_spacing__hover_enabled=&#8221;off&#8221; button_bg_color__hover_enabled=&#8221;on&#8221; button_bg_color__hover=&#8221;#4159a0&#8243; button_one_bg_color__hover_enabled=&#8221;off&#8221; button_two_bg_color__hover_enabled=&#8221;off&#8221; sticky_enabled=&#8221;0&#8243;][\/et_pb_cta][et_pb_accordion open_toggle_text_color=&#8221;#3550a0&#8243; open_toggle_background_color=&#8221;#f0f2f6&#8243; closed_toggle_text_color=&#8221;#3550a0&#8243; closed_toggle_background_color=&#8221;#f0f2f6&#8243; icon_color=&#8221;#3550a0&#8243; _builder_version=&#8221;4.10.5&#8243; toggle_text_color=&#8221;#003089&#8243; toggle_font=&#8221;Nunito|800||on|||||&#8221; toggle_font_size=&#8221;14px&#8221; toggle_letter_spacing=&#8221;3px&#8221; toggle_line_height=&#8221;1.5em&#8221; body_font=&#8221;||||||||&#8221; body_font_size=&#8221;16px&#8221; body_line_height=&#8221;1.9em&#8221; custom_margin=&#8221;|||&#8221; custom_padding=&#8221;|||&#8221; hover_enabled=&#8221;0&#8243; border_width_all=&#8221;0px&#8221; global_colors_info=&#8221;{}&#8221; sticky_enabled=&#8221;0&#8243;][et_pb_accordion_item title=&#8221;Is your ship required to cross risk areas?&#8221; open=&#8221;off&#8221; _builder_version=&#8221;4.10.5&#8243; custom_margin=&#8221;10px||10px||true&#8221; custom_padding=&#8221;30px||30px||true&#8221; hover_enabled=&#8221;0&#8243; global_colors_info=&#8221;{}&#8221; toggle_level=&#8221;h5&#8243; sticky_enabled=&#8221;0&#8243;]<\/p>\n<p><span>Piracy, corrupt foreign maritime authorities, cargo theft, complicit captains, cartels, terrorism, the maritime threat is changing daily.<\/span><span> A thorough knowledge of the sea and its new situations in constant change is indispensable today. Close cooperation with international maritime authorities is required. Potential situations must absolutely be studied upstream and appropriate means of response must be made available, because once on the ocean, your ship may find itself destitute and alone in the face of the threat. Group DA closely follows the evolution of the geopolitical and security contexts of your transport zones and will be able to provide you with the means to a safe crossing and arrival.<\/span><\/p>\n<p>[\/et_pb_accordion_item][et_pb_accordion_item title=&#8221;You want to secure a cargo?&#8221; _builder_version=&#8221;4.10.5&#8243; custom_margin=&#8221;10px||10px||true&#8221; custom_padding=&#8221;30px||30px||true&#8221; hover_enabled=&#8221;0&#8243; global_colors_info=&#8221;{}&#8221; open=&#8221;off&#8221; sticky_enabled=&#8221;0&#8243;]<\/p>\n<p><span>It is important to establish that the threat to your convoy begins at the beginning of transportation, prior to arrival at the port, by land.<\/span><span> Group DA will be able to provide permanent surveillance of your cargo in all risk areas that your cargo will pass through and ensure its safety from the point of departure to the point of arrival, including customs clearance.<\/span><\/p>\n<p>[\/et_pb_accordion_item][et_pb_accordion_item title=&#8221;Do you want to secure your maritime facilities or border?&#8221; _builder_version=&#8221;4.10.5&#8243; custom_margin=&#8221;10px||10px||true&#8221; custom_padding=&#8221;30px||30px||true&#8221; hover_enabled=&#8221;0&#8243; global_colors_info=&#8221;{}&#8221; open=&#8221;on&#8221; sticky_enabled=&#8221;0&#8243;]<span>Technology is changing, so are crime and smuggling. It is no longer trivial to cross un-derwater or aerial drones as vectors for identifying illegal goods or for carrying out terror-ist attacks or piracy. Group DA carries out continuously technological monitoring and has appropriate means of response. We can detect illegal shipments upstream of the port and start monitoring suspicious convoys remotely. We also have strong means of inter-vention in the event of detection of convoys confirmed as illegal. Whether it is the traffick-ing of drugs, human beings or smuggling, our know-how encompasses all the new reali-ties of modern port facilities.\/span>[\/et_pb_accordion_item][\/et_pb_accordion][\/et_pb_column][\/et_pb_row][\/et_pb_section]<\/p>\n","protected":false},"excerpt":{"rendered":"<p>We have developed specific expertise to counter the risk of piracy and terrorism. We monitor and protect: Platform Ship Cargo Operating personnel Crew Port terminal To do this, we assess the threats and risks to your offshore facilities and vessels. We design security-deterrence plans and implement human and material measures to protect them. We use [&hellip;]<\/p>\n","protected":false},"author":3,"featured_media":0,"parent":0,"menu_order":0,"comment_status":"closed","ping_status":"closed","template":"","meta":{"_et_pb_use_builder":"on","_et_pb_old_content":"[et_pb_section fb_built=\"1\" admin_label=\"Features\" _builder_version=\"3.22\" custom_padding=\"0|0px|0px|0px|false|false\" global_colors_info=\"{}\"][et_pb_row column_structure=\"1_2,1_2\" use_custom_gutter=\"on\" custom_padding_last_edited=\"on|tablet\" padding_top_bottom_link_2=\"true\" padding_left_right_link_2=\"false\" _builder_version=\"4.10.5\" width=\"100%\" max_width=\"100%\" module_alignment=\"left\" custom_margin=\"||0px||false|false\" custom_padding=\"0|12%|0px|0px|false|false\" custom_padding_tablet=\"|0%||\" custom_padding_phone=\"\" use_custom_width=\"on\" width_unit=\"off\" custom_width_percent=\"100%\" locked=\"off\" global_colors_info=\"{}\"][et_pb_column type=\"1_2\" _builder_version=\"3.25\" custom_padding=\"|||\" global_colors_info=\"{}\" custom_padding__hover=\"|||\"][et_pb_image src=\"https:\/\/www.groupeda.com\/wp-content\/uploads\/2021\/09\/Securite-Maritime-Groupe-DA.jpg\" title_text=\"Securite-Maritime-Groupe-DA\" force_fullwidth=\"on\" align_tablet=\"center\" align_phone=\"\" align_last_edited=\"on|desktop\" _builder_version=\"4.10.5\" use_background_color_gradient=\"on\" background_color_gradient_start=\"#f0f2f6\" background_color_gradient_end=\"rgba(240,242,246,0)\" background_color_gradient_direction=\"90deg\" background_color_gradient_start_position=\"80%\" background_color_gradient_end_position=\"20%\" custom_padding=\"||20%|\" custom_padding_tablet=\"||60px|\" custom_padding_phone=\"\" custom_padding_last_edited=\"on|desktop\" animation_style=\"slide\" animation_direction=\"left\" animation_intensity_slide=\"1%\" hover_enabled=\"0\" box_shadow_style=\"preset3\" box_shadow_vertical=\"80px\" box_shadow_blur=\"80px\" box_shadow_spread=\"-30px\" global_colors_info=\"{}\" sticky_enabled=\"0\"][\/et_pb_image][\/et_pb_column][et_pb_column type=\"1_2\" _builder_version=\"3.25\" custom_padding=\"6vw||6vw|\" custom_padding_tablet=\"|10%||10%|false|true\" custom_padding_phone=\"||||false|false\" custom_padding_last_edited=\"on|tablet\" global_colors_info=\"{}\" padding_phone=\"||||false|false\" padding_tablet=\"|10%||10%|false|true\" padding_last_edited=\"on|tablet\" custom_padding__hover=\"|||\"][et_pb_text _builder_version=\"4.10.5\" text_font=\"||||||||\" text_font_size=\"16px\" text_line_height=\"1.9em\" header_font=\"||||||||\" header_2_font=\"Playfair Display|700|||||||\" header_2_font_size=\"27px\" header_2_line_height=\"1.5em\" header_6_font=\"||||||||\" max_width=\"600px\" max_width_last_edited=\"off|desktop\" custom_margin=\"|||\" custom_padding=\"|||\" header_2_font_size_tablet=\"30px\" header_2_font_size_phone=\"24px\" header_2_font_size_last_edited=\"on|phone\" locked=\"off\" global_colors_info=\"{}\"]<h2>Nous avons d\u00e9velopp\u00e9 une expertise sp\u00e9cifique pour contrer le risque de piraterie et le terrorisme. Nous surveillons et prot\u00e9geons :<\/h2>\r\n<ul>\r\n<li><span>Plateforme<\/span><\/li>\r\n<li><span>Navire<\/span><\/li>\r\n<li><span>Cargaison<\/span><\/li>\r\n<li><span>Personnel d\u2019exploitation<\/span><\/li>\r\n<li><span>\u00c9<\/span><span>quipage<\/span><\/li>\r\n<li><span>Terminal portuaire<\/span><\/li>\r\n<\/ul>\r\n<p><span>Pour ce faire, nous \u00e9valuons les menaces et les risques encourus par vos installations \u2018<\/span><span>offshore<\/span><span>\u2019 et vos navires. Nous concevons les plans de s\u00e9curisation-dissuasion et mettons en place les mesures humaines et mat\u00e9rielles pour leur protection.<\/span><\/p>\r\n<p><span>Nous utilisons des \u00e9quipements de derni\u00e8re technologie et employons du personnel ayant une longue feuille de route en mati\u00e8re de s\u00e9<\/span><span>curit<\/span><span>\u00e9 <\/span><span>maritime.<\/span><\/p>[\/et_pb_text][et_pb_cta title=\"Questions fr\u00e9quentes\" button_url=\"#top\" admin_label=\"Title & CTA\" _builder_version=\"4.10.5\" header_font=\"Playfair Display|700|||||||\" header_font_size=\"40px\" header_line_height=\"1.5em\" body_font=\"Lato||||||||\" body_font_size=\"16px\" body_line_height=\"1.8em\" use_background_color=\"off\" custom_button=\"on\" button_text_size=\"16px\" button_text_color=\"#ffffff\" button_bg_color=\"#3550a0\" button_border_width=\"10px\" button_border_color=\"rgba(210,159,104,0)\" button_border_radius=\"100px\" button_font=\"Lato|900|||||||\" button_use_icon=\"off\" text_orientation=\"left\" background_layout=\"light\" max_width_last_edited=\"off|desktop\" module_alignment=\"right\" custom_margin=\"|||\" custom_padding=\"|||\" header_font_size_tablet=\"30px\" header_font_size_phone=\"24px\" header_font_size_last_edited=\"on|phone\" button_bg_color_hover=\"#4159a0\" global_colors_info=\"{}\" button_text_size__hover_enabled=\"off\" button_one_text_size__hover_enabled=\"off\" button_two_text_size__hover_enabled=\"off\" button_text_color__hover_enabled=\"off\" button_one_text_color__hover_enabled=\"off\" button_two_text_color__hover_enabled=\"off\" button_border_width__hover_enabled=\"off\" button_one_border_width__hover_enabled=\"off\" button_two_border_width__hover_enabled=\"off\" button_border_color__hover_enabled=\"off\" button_one_border_color__hover_enabled=\"off\" button_two_border_color__hover_enabled=\"off\" button_border_radius__hover_enabled=\"off\" button_one_border_radius__hover_enabled=\"off\" button_two_border_radius__hover_enabled=\"off\" button_letter_spacing__hover_enabled=\"off\" button_one_letter_spacing__hover_enabled=\"off\" button_two_letter_spacing__hover_enabled=\"off\" button_bg_color__hover_enabled=\"on\" button_bg_color__hover=\"#4159a0\" button_one_bg_color__hover_enabled=\"off\" button_two_bg_color__hover_enabled=\"off\"][\/et_pb_cta][et_pb_accordion open_toggle_text_color=\"#3550a0\" open_toggle_background_color=\"#f0f2f6\" closed_toggle_text_color=\"#3550a0\" closed_toggle_background_color=\"#f0f2f6\" icon_color=\"#3550a0\" _builder_version=\"4.10.5\" toggle_text_color=\"#003089\" toggle_font=\"Nunito|800||on|||||\" toggle_font_size=\"14px\" toggle_letter_spacing=\"3px\" toggle_line_height=\"1.5em\" body_font=\"||||||||\" body_font_size=\"16px\" body_line_height=\"1.9em\" custom_margin=\"|||\" custom_padding=\"|||\" border_width_all=\"0px\" global_colors_info=\"{}\"][et_pb_accordion_item title=\"Votre navire est appel\u00e9 \u00e0 traverser des zones \u00e0 risque?\" open=\"on\" _builder_version=\"4.10.5\" custom_margin=\"10px||10px||true\" custom_padding=\"30px||30px||true\" global_colors_info=\"{}\" toggle_level=\"h5\"]<p><span>Piraterie, autorit\u00e9s maritimes \u00e9<\/span><span>trang<\/span><span>\u00e8res corrompues, vol de cargaison, capitaines complices, cartels, terrorisme, la menace maritime se m\u00e9tamorphose quotidiennement. Une connaissance pouss\u00e9e de la mer et de ses nouvelles situations en perp\u00e9tuelle mutation est aujourd\u2019hui indispensable. Une \u00e9troite collaboration avec les autorit\u00e9s maritimes internationales s\u2019impose. Les situations potentielles doivent absolument \u00eatre \u00e9<\/span><span>tudi<\/span><span>\u00e9es en amont et des moyens de r\u00e9<\/span><span>ponse adapt<\/span><span>\u00e9s doivent imp\u00e9rativement \u00eatre mis \u00e0 disposition, car, une fois en mer, votre navire peut se retrouver d\u00e9muni et seul face \u00e0 la menace. Groupe DA observe<\/span><span> l<\/span><span>\u2019\u00e9volution des contextes g\u00e9opolitiques et s\u00e9curitaires de vos zones de transport et saura vous fournir les moyens adapt\u00e9<\/span><span>s <\/span><span>\u00e0 une travers\u00e9e et une arriv\u00e9e sans risque.<\/span><\/p>[\/et_pb_accordion_item][et_pb_accordion_item title=\"Vous souhaitez s\u00e9curiser une cargaison?\" _builder_version=\"4.10.5\" custom_margin=\"10px||10px||true\" custom_padding=\"30px||30px||true\" global_colors_info=\"{}\" open=\"off\"]<p><span>Il est important d\u2019\u00e9tablir que la menace pour votre convoi commence d\u00e8s le d\u00e9but du transport, avant l\u2019<\/span><span>arriv<\/span><span>\u00e9e au port, par voie terrestre. Le Groupe DA saura apporter la surveillance permanente de votre cargaison dans l\u2019ensemble des zones \u00e0 risque que traversera votre cargaison et assurera sa s\u00e9<\/span><span>curit<\/span><span>\u00e9 du point de d\u00e9part au point d\u2019<\/span><span>arriv<\/span><span>\u00e9<\/span><span>e, d<\/span><span>\u00e9douanement inclus.<\/span><\/p>[\/et_pb_accordion_item][et_pb_accordion_item title=\"Vous souhaitez s\u00e9curiser vos installations maritimes ou votre fronti\u00e8re maritime?\" _builder_version=\"4.10.5\" custom_margin=\"10px||10px||true\" custom_padding=\"30px||30px||true\" global_colors_info=\"{}\" open=\"off\"]<p><span>La technologie \u00e9volue, le crime et la contrebande aussi. Il n\u2019est plus anodin de croiser des drones sous-marins ou a\u00e9riens pour comme vecteurs d\u2019identification de marchandises ill\u00e9gales ou pour la r\u00e9alisation d\u2019attaques terroristes ou de piraterie. Le Groupe DA effectue une veille technologique permanente et dispose de moyens de r\u00e9<\/span><span>ponse appropri<\/span><span>\u00e9s. Nous pouvons d\u00e9tecter les cargaisons illicites en amont du port et d\u00e9marrer la surveillance de convois suspects \u00e0 distance. Nous disposons \u00e9galement de lourds moyens d\u2019intervention en cas de d\u00e9tection de convois confirm\u00e9s comme illicites. Trafic de drogues, d\u2019\u00eatres humains ou contrebande, notre savoir-faire englobe l\u2019<\/span><span>int<\/span><span>\u00e9<\/span><span>gralit<\/span><span>\u00e9 des nouvelles r\u00e9<\/span><span>alit<\/span><span>\u00e9s des installations portuaires modernes.<\/span><\/p>[\/et_pb_accordion_item][\/et_pb_accordion][\/et_pb_column][\/et_pb_row][\/et_pb_section]","_et_gb_content_width":"","footnotes":""},"class_list":["post-432","page","type-page","status-publish","hentry"],"yoast_head":"<!-- This site is optimized with the Yoast SEO plugin v22.0 - https:\/\/yoast.com\/wordpress\/plugins\/seo\/ -->\n<title>Maritime Security - Groupe DA<\/title>\n<meta name=\"robots\" content=\"index, follow, max-snippet:-1, max-image-preview:large, max-video-preview:-1\" \/>\n<link rel=\"canonical\" href=\"https:\/\/www.groupeda.com\/en\/maritime-security\/\" \/>\n<meta property=\"og:locale\" content=\"en_US\" \/>\n<meta property=\"og:type\" content=\"article\" \/>\n<meta property=\"og:title\" content=\"Maritime Security - Groupe DA\" \/>\n<meta property=\"og:description\" content=\"We have developed specific expertise to counter the risk of piracy and terrorism. We monitor and protect: Platform Ship Cargo Operating personnel Crew Port terminal To do this, we assess the threats and risks to your offshore facilities and vessels. We design security-deterrence plans and implement human and material measures to protect them. We use [&hellip;]\" \/>\n<meta property=\"og:url\" content=\"https:\/\/www.groupeda.com\/en\/maritime-security\/\" \/>\n<meta property=\"og:site_name\" content=\"Groupe DA\" \/>\n<meta property=\"article:modified_time\" content=\"2021-11-02T14:50:08+00:00\" \/>\n<meta name=\"twitter:card\" content=\"summary_large_image\" \/>\n<meta name=\"twitter:label1\" content=\"Est. reading time\" \/>\n\t<meta name=\"twitter:data1\" content=\"6 minutes\" \/>\n<script type=\"application\/ld+json\" class=\"yoast-schema-graph\">{\"@context\":\"https:\/\/schema.org\",\"@graph\":[{\"@type\":\"WebPage\",\"@id\":\"https:\/\/www.groupeda.com\/en\/maritime-security\/\",\"url\":\"https:\/\/www.groupeda.com\/en\/maritime-security\/\",\"name\":\"Maritime Security - Groupe DA\",\"isPartOf\":{\"@id\":\"https:\/\/www.groupeda.com\/en\/#website\"},\"datePublished\":\"2021-11-02T14:45:16+00:00\",\"dateModified\":\"2021-11-02T14:50:08+00:00\",\"breadcrumb\":{\"@id\":\"https:\/\/www.groupeda.com\/en\/maritime-security\/#breadcrumb\"},\"inLanguage\":\"en-US\",\"potentialAction\":[{\"@type\":\"ReadAction\",\"target\":[\"https:\/\/www.groupeda.com\/en\/maritime-security\/\"]}]},{\"@type\":\"BreadcrumbList\",\"@id\":\"https:\/\/www.groupeda.com\/en\/maritime-security\/#breadcrumb\",\"itemListElement\":[{\"@type\":\"ListItem\",\"position\":1,\"name\":\"Home\",\"item\":\"https:\/\/www.groupeda.com\/en\/\"},{\"@type\":\"ListItem\",\"position\":2,\"name\":\"Maritime Security\"}]},{\"@type\":\"WebSite\",\"@id\":\"https:\/\/www.groupeda.com\/en\/#website\",\"url\":\"https:\/\/www.groupeda.com\/en\/\",\"name\":\"Groupe DA\",\"description\":\"S\u00e9curisation - Investigation - Protection\",\"potentialAction\":[{\"@type\":\"SearchAction\",\"target\":{\"@type\":\"EntryPoint\",\"urlTemplate\":\"https:\/\/www.groupeda.com\/en\/?s={search_term_string}\"},\"query-input\":\"required name=search_term_string\"}],\"inLanguage\":\"en-US\"}]}<\/script>\n<!-- \/ Yoast SEO plugin. -->","yoast_head_json":{"title":"Maritime Security - Groupe DA","robots":{"index":"index","follow":"follow","max-snippet":"max-snippet:-1","max-image-preview":"max-image-preview:large","max-video-preview":"max-video-preview:-1"},"canonical":"https:\/\/www.groupeda.com\/en\/maritime-security\/","og_locale":"en_US","og_type":"article","og_title":"Maritime Security - Groupe DA","og_description":"We have developed specific expertise to counter the risk of piracy and terrorism. We monitor and protect: Platform Ship Cargo Operating personnel Crew Port terminal To do this, we assess the threats and risks to your offshore facilities and vessels. We design security-deterrence plans and implement human and material measures to protect them. We use [&hellip;]","og_url":"https:\/\/www.groupeda.com\/en\/maritime-security\/","og_site_name":"Groupe DA","article_modified_time":"2021-11-02T14:50:08+00:00","twitter_card":"summary_large_image","twitter_misc":{"Est. reading time":"6 minutes"},"schema":{"@context":"https:\/\/schema.org","@graph":[{"@type":"WebPage","@id":"https:\/\/www.groupeda.com\/en\/maritime-security\/","url":"https:\/\/www.groupeda.com\/en\/maritime-security\/","name":"Maritime Security - Groupe DA","isPartOf":{"@id":"https:\/\/www.groupeda.com\/en\/#website"},"datePublished":"2021-11-02T14:45:16+00:00","dateModified":"2021-11-02T14:50:08+00:00","breadcrumb":{"@id":"https:\/\/www.groupeda.com\/en\/maritime-security\/#breadcrumb"},"inLanguage":"en-US","potentialAction":[{"@type":"ReadAction","target":["https:\/\/www.groupeda.com\/en\/maritime-security\/"]}]},{"@type":"BreadcrumbList","@id":"https:\/\/www.groupeda.com\/en\/maritime-security\/#breadcrumb","itemListElement":[{"@type":"ListItem","position":1,"name":"Home","item":"https:\/\/www.groupeda.com\/en\/"},{"@type":"ListItem","position":2,"name":"Maritime Security"}]},{"@type":"WebSite","@id":"https:\/\/www.groupeda.com\/en\/#website","url":"https:\/\/www.groupeda.com\/en\/","name":"Groupe DA","description":"S\u00e9curisation - Investigation - Protection","potentialAction":[{"@type":"SearchAction","target":{"@type":"EntryPoint","urlTemplate":"https:\/\/www.groupeda.com\/en\/?s={search_term_string}"},"query-input":"required name=search_term_string"}],"inLanguage":"en-US"}]}},"_links":{"self":[{"href":"https:\/\/www.groupeda.com\/en\/wp-json\/wp\/v2\/pages\/432","targetHints":{"allow":["GET"]}}],"collection":[{"href":"https:\/\/www.groupeda.com\/en\/wp-json\/wp\/v2\/pages"}],"about":[{"href":"https:\/\/www.groupeda.com\/en\/wp-json\/wp\/v2\/types\/page"}],"author":[{"embeddable":true,"href":"https:\/\/www.groupeda.com\/en\/wp-json\/wp\/v2\/users\/3"}],"replies":[{"embeddable":true,"href":"https:\/\/www.groupeda.com\/en\/wp-json\/wp\/v2\/comments?post=432"}],"version-history":[{"count":5,"href":"https:\/\/www.groupeda.com\/en\/wp-json\/wp\/v2\/pages\/432\/revisions"}],"predecessor-version":[{"id":439,"href":"https:\/\/www.groupeda.com\/en\/wp-json\/wp\/v2\/pages\/432\/revisions\/439"}],"wp:attachment":[{"href":"https:\/\/www.groupeda.com\/en\/wp-json\/wp\/v2\/media?parent=432"}],"curies":[{"name":"wp","href":"https:\/\/api.w.org\/{rel}","templated":true}]}}