{"id":417,"date":"2021-11-02T10:23:54","date_gmt":"2021-11-02T14:23:54","guid":{"rendered":"https:\/\/www.groupeda.com\/?page_id=417"},"modified":"2021-11-02T10:27:34","modified_gmt":"2021-11-02T14:27:34","slug":"threat-assessment-and-risk","status":"publish","type":"page","link":"https:\/\/www.groupeda.com\/en\/threat-assessment-and-risk\/","title":{"rendered":"Threat Assessment and Risk"},"content":{"rendered":"<p>[et_pb_section fb_built=&#8221;1&#8243; admin_label=&#8221;Features&#8221; _builder_version=&#8221;3.22&#8243; custom_padding=&#8221;0|0px|0px|0px|false|false&#8221; global_colors_info=&#8221;{}&#8221;][et_pb_row column_structure=&#8221;1_2,1_2&#8243; use_custom_gutter=&#8221;on&#8221; custom_padding_last_edited=&#8221;on|tablet&#8221; padding_top_bottom_link_2=&#8221;true&#8221; padding_left_right_link_2=&#8221;false&#8221; _builder_version=&#8221;3.25&#8243; width=&#8221;100%&#8221; max_width=&#8221;100%&#8221; module_alignment=&#8221;left&#8221; custom_margin=&#8221;||40px||false&#8221; custom_padding=&#8221;0|12%|0|0px|false|false&#8221; custom_padding_tablet=&#8221;|0%||&#8221; custom_padding_phone=&#8221;&#8221; use_custom_width=&#8221;on&#8221; width_unit=&#8221;off&#8221; custom_width_percent=&#8221;100%&#8221; locked=&#8221;off&#8221; global_colors_info=&#8221;{}&#8221;][et_pb_column type=&#8221;1_2&#8243; _builder_version=&#8221;3.25&#8243; custom_padding=&#8221;|||&#8221; global_colors_info=&#8221;{}&#8221; custom_padding__hover=&#8221;|||&#8221;][et_pb_image src=&#8221;https:\/\/www.groupeda.com\/wp-content\/uploads\/2021\/08\/menace-risque.jpg&#8221; title_text=&#8221;menace-risque&#8221; force_fullwidth=&#8221;on&#8221; align_tablet=&#8221;center&#8221; align_phone=&#8221;&#8221; align_last_edited=&#8221;on|desktop&#8221; _builder_version=&#8221;4.10.5&#8243; use_background_color_gradient=&#8221;on&#8221; background_color_gradient_start=&#8221;#f0f2f6&#8243; background_color_gradient_end=&#8221;rgba(240,242,246,0)&#8221; background_color_gradient_direction=&#8221;90deg&#8221; background_color_gradient_start_position=&#8221;80%&#8221; background_color_gradient_end_position=&#8221;20%&#8221; custom_padding=&#8221;||20%|&#8221; custom_padding_tablet=&#8221;||60px|&#8221; custom_padding_phone=&#8221;&#8221; custom_padding_last_edited=&#8221;on|desktop&#8221; animation_style=&#8221;slide&#8221; animation_direction=&#8221;left&#8221; animation_intensity_slide=&#8221;1%&#8221; box_shadow_style=&#8221;preset3&#8243; box_shadow_vertical=&#8221;80px&#8221; box_shadow_blur=&#8221;80px&#8221; box_shadow_spread=&#8221;-30px&#8221; global_colors_info=&#8221;{}&#8221;][\/et_pb_image][\/et_pb_column][et_pb_column type=&#8221;1_2&#8243; _builder_version=&#8221;3.25&#8243; custom_padding=&#8221;6vw||6vw|&#8221; custom_padding_tablet=&#8221;|10%||10%|false|true&#8221; custom_padding_phone=&#8221;||||false|false&#8221; custom_padding_last_edited=&#8221;on|tablet&#8221; global_colors_info=&#8221;{}&#8221; padding_phone=&#8221;||||false|false&#8221; padding_tablet=&#8221;|10%||10%|false|true&#8221; padding_last_edited=&#8221;on|tablet&#8221; custom_padding__hover=&#8221;|||&#8221;][et_pb_text _builder_version=&#8221;4.10.5&#8243; text_font=&#8221;||||||||&#8221; text_font_size=&#8221;16px&#8221; text_line_height=&#8221;1.9em&#8221; header_font=&#8221;||||||||&#8221; header_2_font=&#8221;Playfair Display|700|||||||&#8221; header_2_font_size=&#8221;27px&#8221; header_2_line_height=&#8221;1.5em&#8221; header_6_font=&#8221;||||||||&#8221; max_width=&#8221;600px&#8221; max_width_last_edited=&#8221;off|desktop&#8221; custom_margin=&#8221;|||&#8221; custom_padding=&#8221;|||&#8221; hover_enabled=&#8221;0&#8243; header_2_font_size_tablet=&#8221;30px&#8221; header_2_font_size_phone=&#8221;24px&#8221; header_2_font_size_last_edited=&#8221;on|phone&#8221; locked=&#8221;off&#8221; global_colors_info=&#8221;{}&#8221; sticky_enabled=&#8221;0&#8243;]<\/p>\n<h2>We develop safety audits and vulnerability assessments:<\/h2>\n<ul>\n<li>Malicious acts, invasion, attacks, terrorist threats<\/li>\n<li>Staff travels (business, expatriates and their families, foreign missions, etc.)<\/li>\n<li>Moving a business<\/li>\n<li>Site construction, construction of  buildings, banks, airports, hotels, refineries<\/li>\n<li>Protection of facilities and computer networks<\/li>\n<\/ul>\n<p>[\/et_pb_text][et_pb_text _builder_version=&#8221;4.10.5&#8243; text_font=&#8221;||||||||&#8221; text_font_size=&#8221;16px&#8221; text_line_height=&#8221;1.9em&#8221; header_font=&#8221;||||||||&#8221; header_2_font=&#8221;Playfair Display|700|||||||&#8221; header_2_font_size=&#8221;27px&#8221; header_2_line_height=&#8221;1.5em&#8221; header_6_font=&#8221;||||||||&#8221; max_width=&#8221;600px&#8221; max_width_last_edited=&#8221;off|desktop&#8221; custom_margin=&#8221;|||&#8221; custom_padding=&#8221;|||&#8221; hover_enabled=&#8221;0&#8243; header_2_font_size_tablet=&#8221;30px&#8221; header_2_font_size_phone=&#8221;24px&#8221; header_2_font_size_last_edited=&#8221;on|phone&#8221; locked=&#8221;off&#8221; global_colors_info=&#8221;{}&#8221; sticky_enabled=&#8221;0&#8243;]<\/p>\n<h2 style=\"text-align: left;\">These audits allow business decision makers to understand the security measures to be prioritized. Subsequently, we design and implement :<\/h2>\n<ul>\n<li style=\"text-align: left;\">Solutions<\/li>\n<li style=\"text-align: left;\">Operational services<\/li>\n<li style=\"text-align: left;\">Security requirements<\/li>\n<li style=\"text-align: left;\">Emergency procedures<\/li>\n<li style=\"text-align: left;\">Administrative support<\/li>\n<\/ul>\n<ul><\/ul>\n<p>[\/et_pb_text][\/et_pb_column][\/et_pb_row][\/et_pb_section]<\/p>\n","protected":false},"excerpt":{"rendered":"<p>We develop safety audits and vulnerability assessments: Malicious acts, invasion, attacks, terrorist threats Staff travels (business, expatriates and their families, foreign missions, etc.) Moving a business Site construction, construction of buildings, banks, airports, hotels, refineries Protection of facilities and computer networks These audits allow business decision makers to understand the security measures to be prioritized. [&hellip;]<\/p>\n","protected":false},"author":3,"featured_media":0,"parent":0,"menu_order":0,"comment_status":"closed","ping_status":"closed","template":"","meta":{"_et_pb_use_builder":"on","_et_pb_old_content":"[et_pb_section fb_built=\"1\" admin_label=\"Features\" _builder_version=\"3.22\" custom_padding=\"0|0px|0px|0px|false|false\" global_colors_info=\"{}\"][et_pb_row column_structure=\"1_2,1_2\" use_custom_gutter=\"on\" custom_padding_last_edited=\"on|tablet\" padding_top_bottom_link_2=\"true\" padding_left_right_link_2=\"false\" _builder_version=\"3.25\" width=\"100%\" max_width=\"100%\" module_alignment=\"left\" custom_margin=\"||40px||false\" custom_padding=\"0|12%|0|0px|false|false\" custom_padding_tablet=\"|0%||\" custom_padding_phone=\"\" use_custom_width=\"on\" width_unit=\"off\" custom_width_percent=\"100%\" locked=\"off\" global_colors_info=\"{}\"][et_pb_column type=\"1_2\" _builder_version=\"3.25\" custom_padding=\"|||\" global_colors_info=\"{}\" custom_padding__hover=\"|||\"][et_pb_image src=\"https:\/\/www.groupeda.com\/wp-content\/uploads\/2021\/08\/menace-risque.jpg\" title_text=\"menace-risque\" force_fullwidth=\"on\" align_tablet=\"center\" align_phone=\"\" align_last_edited=\"on|desktop\" _builder_version=\"4.10.5\" use_background_color_gradient=\"on\" background_color_gradient_start=\"#f0f2f6\" background_color_gradient_end=\"rgba(240,242,246,0)\" background_color_gradient_direction=\"90deg\" background_color_gradient_start_position=\"80%\" background_color_gradient_end_position=\"20%\" custom_padding=\"||20%|\" custom_padding_tablet=\"||60px|\" custom_padding_phone=\"\" custom_padding_last_edited=\"on|desktop\" animation_style=\"slide\" animation_direction=\"left\" animation_intensity_slide=\"1%\" hover_enabled=\"0\" box_shadow_style=\"preset3\" box_shadow_vertical=\"80px\" box_shadow_blur=\"80px\" box_shadow_spread=\"-30px\" global_colors_info=\"{}\" sticky_enabled=\"0\"][\/et_pb_image][\/et_pb_column][et_pb_column type=\"1_2\" _builder_version=\"3.25\" custom_padding=\"6vw||6vw|\" custom_padding_tablet=\"|10%||10%|false|true\" custom_padding_phone=\"||||false|false\" custom_padding_last_edited=\"on|tablet\" global_colors_info=\"{}\" padding_phone=\"||||false|false\" padding_tablet=\"|10%||10%|false|true\" padding_last_edited=\"on|tablet\" custom_padding__hover=\"|||\"][et_pb_text _builder_version=\"4.10.5\" text_font=\"||||||||\" text_font_size=\"16px\" text_line_height=\"1.9em\" header_font=\"||||||||\" header_2_font=\"Playfair Display|700|||||||\" header_2_font_size=\"27px\" header_2_line_height=\"1.5em\" header_6_font=\"||||||||\" max_width=\"600px\" max_width_last_edited=\"off|desktop\" custom_margin=\"|||\" custom_padding=\"|||\" header_2_font_size_tablet=\"30px\" header_2_font_size_phone=\"24px\" header_2_font_size_last_edited=\"on|phone\" locked=\"off\" global_colors_info=\"{}\"]<h2>Nous \u00e9laborons des audits de s\u00e9curit\u00e9 et des \u00e9tudes de vuln\u00e9rabilit\u00e9 :<\/h2>\r\n<ul>\r\n<li>d\u2019acte malveillant, d\u2019intrusion, d\u2019attaque, de menace terroriste<\/li>\r\n<li>d\u00e9placement du personnel (voyage d\u2019affaire, expatri\u00e9 et leur famille, mission \u00e9trang\u00e8re, etc.)<\/li>\r\n<li>d\u00e9placement d\u2019une entreprise<\/li>\r\n<li>construction d\u2019un site<\/li>\r\n<li>construction d\u2019un \u00e9difice, une banque, un a\u00e9roport, un h\u00f4tel, une raffinerie<\/li>\r\n<li>protection des installations et r\u00e9seau informatique<\/li>\r\n<\/ul>[\/et_pb_text][et_pb_text _builder_version=\"4.10.5\" text_font=\"||||||||\" text_font_size=\"16px\" text_line_height=\"1.9em\" header_font=\"||||||||\" header_2_font=\"Playfair Display|700|||||||\" header_2_font_size=\"27px\" header_2_line_height=\"1.5em\" header_6_font=\"||||||||\" max_width=\"600px\" max_width_last_edited=\"off|desktop\" custom_margin=\"|||\" custom_padding=\"|||\" header_2_font_size_tablet=\"30px\" header_2_font_size_phone=\"24px\" header_2_font_size_last_edited=\"on|phone\" locked=\"off\" global_colors_info=\"{}\"]<h2 style=\"text-align: left;\">Ces audits permettent aux d\u00e9cideurs d\u2019entreprise de comprendre les mesures de s\u00e9curit\u00e9 \u00e0 privil\u00e9gier. Par la suite, nous faisons la conception et la mise en place de :<\/h2>\r\n<ul>\r\n<li style=\"text-align: left;\">solutions<\/li>\r\n<li style=\"text-align: left;\">services op\u00e9rationnels<\/li>\r\n<li style=\"text-align: left;\">exigences de s\u00e9curit\u00e9<\/li>\r\n<li style=\"text-align: left;\">proc\u00e9dures d\u2019urgence<\/li>\r\n<li style=\"text-align: left;\">soutien de gestion<\/li>\r\n<\/ul>\r\n<ul><\/ul>[\/et_pb_text][\/et_pb_column][\/et_pb_row][\/et_pb_section]","_et_gb_content_width":"","footnotes":""},"class_list":["post-417","page","type-page","status-publish","hentry"],"yoast_head":"<!-- This site is optimized with the Yoast SEO plugin v22.0 - https:\/\/yoast.com\/wordpress\/plugins\/seo\/ -->\n<title>Threat Assessment and Risk - Groupe DA<\/title>\n<meta name=\"robots\" content=\"index, follow, max-snippet:-1, max-image-preview:large, max-video-preview:-1\" \/>\n<link rel=\"canonical\" href=\"https:\/\/www.groupeda.com\/en\/threat-assessment-and-risk\/\" \/>\n<meta property=\"og:locale\" content=\"en_US\" \/>\n<meta property=\"og:type\" content=\"article\" \/>\n<meta property=\"og:title\" content=\"Threat Assessment and Risk - Groupe DA\" \/>\n<meta property=\"og:description\" content=\"We develop safety audits and vulnerability assessments: Malicious acts, invasion, attacks, terrorist threats Staff travels (business, expatriates and their families, foreign missions, etc.) Moving a business Site construction, construction of buildings, banks, airports, hotels, refineries Protection of facilities and computer networks These audits allow business decision makers to understand the security measures to be prioritized. [&hellip;]\" \/>\n<meta property=\"og:url\" content=\"https:\/\/www.groupeda.com\/en\/threat-assessment-and-risk\/\" \/>\n<meta property=\"og:site_name\" content=\"Groupe DA\" \/>\n<meta property=\"article:modified_time\" content=\"2021-11-02T14:27:34+00:00\" \/>\n<meta name=\"twitter:card\" content=\"summary_large_image\" \/>\n<meta name=\"twitter:label1\" content=\"Est. reading time\" \/>\n\t<meta name=\"twitter:data1\" content=\"2 minutes\" \/>\n<script type=\"application\/ld+json\" class=\"yoast-schema-graph\">{\"@context\":\"https:\/\/schema.org\",\"@graph\":[{\"@type\":\"WebPage\",\"@id\":\"https:\/\/www.groupeda.com\/en\/threat-assessment-and-risk\/\",\"url\":\"https:\/\/www.groupeda.com\/en\/threat-assessment-and-risk\/\",\"name\":\"Threat Assessment and Risk - Groupe DA\",\"isPartOf\":{\"@id\":\"https:\/\/www.groupeda.com\/en\/#website\"},\"datePublished\":\"2021-11-02T14:23:54+00:00\",\"dateModified\":\"2021-11-02T14:27:34+00:00\",\"breadcrumb\":{\"@id\":\"https:\/\/www.groupeda.com\/en\/threat-assessment-and-risk\/#breadcrumb\"},\"inLanguage\":\"en-US\",\"potentialAction\":[{\"@type\":\"ReadAction\",\"target\":[\"https:\/\/www.groupeda.com\/en\/threat-assessment-and-risk\/\"]}]},{\"@type\":\"BreadcrumbList\",\"@id\":\"https:\/\/www.groupeda.com\/en\/threat-assessment-and-risk\/#breadcrumb\",\"itemListElement\":[{\"@type\":\"ListItem\",\"position\":1,\"name\":\"Home\",\"item\":\"https:\/\/www.groupeda.com\/en\/\"},{\"@type\":\"ListItem\",\"position\":2,\"name\":\"Threat Assessment and Risk\"}]},{\"@type\":\"WebSite\",\"@id\":\"https:\/\/www.groupeda.com\/en\/#website\",\"url\":\"https:\/\/www.groupeda.com\/en\/\",\"name\":\"Groupe DA\",\"description\":\"S\u00e9curisation - Investigation - Protection\",\"potentialAction\":[{\"@type\":\"SearchAction\",\"target\":{\"@type\":\"EntryPoint\",\"urlTemplate\":\"https:\/\/www.groupeda.com\/en\/?s={search_term_string}\"},\"query-input\":\"required name=search_term_string\"}],\"inLanguage\":\"en-US\"}]}<\/script>\n<!-- \/ Yoast SEO plugin. -->","yoast_head_json":{"title":"Threat Assessment and Risk - Groupe DA","robots":{"index":"index","follow":"follow","max-snippet":"max-snippet:-1","max-image-preview":"max-image-preview:large","max-video-preview":"max-video-preview:-1"},"canonical":"https:\/\/www.groupeda.com\/en\/threat-assessment-and-risk\/","og_locale":"en_US","og_type":"article","og_title":"Threat Assessment and Risk - Groupe DA","og_description":"We develop safety audits and vulnerability assessments: Malicious acts, invasion, attacks, terrorist threats Staff travels (business, expatriates and their families, foreign missions, etc.) Moving a business Site construction, construction of buildings, banks, airports, hotels, refineries Protection of facilities and computer networks These audits allow business decision makers to understand the security measures to be prioritized. [&hellip;]","og_url":"https:\/\/www.groupeda.com\/en\/threat-assessment-and-risk\/","og_site_name":"Groupe DA","article_modified_time":"2021-11-02T14:27:34+00:00","twitter_card":"summary_large_image","twitter_misc":{"Est. reading time":"2 minutes"},"schema":{"@context":"https:\/\/schema.org","@graph":[{"@type":"WebPage","@id":"https:\/\/www.groupeda.com\/en\/threat-assessment-and-risk\/","url":"https:\/\/www.groupeda.com\/en\/threat-assessment-and-risk\/","name":"Threat Assessment and Risk - Groupe DA","isPartOf":{"@id":"https:\/\/www.groupeda.com\/en\/#website"},"datePublished":"2021-11-02T14:23:54+00:00","dateModified":"2021-11-02T14:27:34+00:00","breadcrumb":{"@id":"https:\/\/www.groupeda.com\/en\/threat-assessment-and-risk\/#breadcrumb"},"inLanguage":"en-US","potentialAction":[{"@type":"ReadAction","target":["https:\/\/www.groupeda.com\/en\/threat-assessment-and-risk\/"]}]},{"@type":"BreadcrumbList","@id":"https:\/\/www.groupeda.com\/en\/threat-assessment-and-risk\/#breadcrumb","itemListElement":[{"@type":"ListItem","position":1,"name":"Home","item":"https:\/\/www.groupeda.com\/en\/"},{"@type":"ListItem","position":2,"name":"Threat Assessment and Risk"}]},{"@type":"WebSite","@id":"https:\/\/www.groupeda.com\/en\/#website","url":"https:\/\/www.groupeda.com\/en\/","name":"Groupe DA","description":"S\u00e9curisation - Investigation - Protection","potentialAction":[{"@type":"SearchAction","target":{"@type":"EntryPoint","urlTemplate":"https:\/\/www.groupeda.com\/en\/?s={search_term_string}"},"query-input":"required name=search_term_string"}],"inLanguage":"en-US"}]}},"_links":{"self":[{"href":"https:\/\/www.groupeda.com\/en\/wp-json\/wp\/v2\/pages\/417","targetHints":{"allow":["GET"]}}],"collection":[{"href":"https:\/\/www.groupeda.com\/en\/wp-json\/wp\/v2\/pages"}],"about":[{"href":"https:\/\/www.groupeda.com\/en\/wp-json\/wp\/v2\/types\/page"}],"author":[{"embeddable":true,"href":"https:\/\/www.groupeda.com\/en\/wp-json\/wp\/v2\/users\/3"}],"replies":[{"embeddable":true,"href":"https:\/\/www.groupeda.com\/en\/wp-json\/wp\/v2\/comments?post=417"}],"version-history":[{"count":5,"href":"https:\/\/www.groupeda.com\/en\/wp-json\/wp\/v2\/pages\/417\/revisions"}],"predecessor-version":[{"id":423,"href":"https:\/\/www.groupeda.com\/en\/wp-json\/wp\/v2\/pages\/417\/revisions\/423"}],"wp:attachment":[{"href":"https:\/\/www.groupeda.com\/en\/wp-json\/wp\/v2\/media?parent=417"}],"curies":[{"name":"wp","href":"https:\/\/api.w.org\/{rel}","templated":true}]}}